{"id":10913,"date":"2024-08-07T16:56:10","date_gmt":"2024-08-07T20:56:10","guid":{"rendered":"https:\/\/gdgroupenergy.net\/?page_id=10913"},"modified":"2024-08-07T16:56:11","modified_gmt":"2024-08-07T20:56:11","slug":"free-roofing-estimate","status":"publish","type":"page","link":"https:\/\/gdgroupenergy.com\/es\/free-roofing-estimate\/","title":{"rendered":"Free Roofing Estimate"},"content":{"rendered":"","protected":false},"excerpt":{"rendered":"","protected":false},"author":1,"featured_media":0,"parent":0,"menu_order":0,"comment_status":"closed","ping_status":"closed","template":"","meta":{"footnotes":""},"class_list":["post-10913","page","type-page","status-publish","hentry"],"yoast_head":"<!-- This site is optimized with the Yoast SEO plugin v23.2 - https:\/\/yoast.com\/wordpress\/plugins\/seo\/ -->\n<title>Free Roofing Estimate - GD Group Energy<\/title>\n<meta name=\"robots\" content=\"index, follow, max-snippet:-1, max-image-preview:large, max-video-preview:-1\" \/>\n<link rel=\"canonical\" href=\"https:\/\/gdgroupenergy.net\/free-roofing-estimate\/\" \/>\n<meta property=\"og:locale\" content=\"es_ES\" \/>\n<meta property=\"og:type\" content=\"article\" \/>\n<meta property=\"og:title\" content=\"Free Roofing Estimate - GD Group Energy\" \/>\n<meta property=\"og:url\" content=\"https:\/\/gdgroupenergy.net\/free-roofing-estimate\/\" \/>\n<meta property=\"og:site_name\" content=\"GD Group Energy\" \/>\n<meta property=\"article:modified_time\" content=\"2024-08-07T20:56:11+00:00\" \/>\n<meta name=\"twitter:card\" content=\"summary_large_image\" \/>\n<script type=\"application\/ld+json\" class=\"yoast-schema-graph\">{\"@context\":\"https:\/\/schema.org\",\"@graph\":[{\"@type\":\"WebPage\",\"@id\":\"https:\/\/gdgroupenergy.net\/free-roofing-estimate\/\",\"url\":\"https:\/\/gdgroupenergy.net\/free-roofing-estimate\/\",\"name\":\"Free Roofing Estimate - GD Group Energy\",\"isPartOf\":{\"@id\":\"https:\/\/gdgroupenergy.net\/#website\"},\"datePublished\":\"2024-08-07T20:56:10+00:00\",\"dateModified\":\"2024-08-07T20:56:11+00:00\",\"breadcrumb\":{\"@id\":\"https:\/\/gdgroupenergy.net\/free-roofing-estimate\/#breadcrumb\"},\"inLanguage\":\"es\",\"potentialAction\":[{\"@type\":\"ReadAction\",\"target\":[\"https:\/\/gdgroupenergy.net\/free-roofing-estimate\/\"]}]},{\"@type\":\"BreadcrumbList\",\"@id\":\"https:\/\/gdgroupenergy.net\/free-roofing-estimate\/#breadcrumb\",\"itemListElement\":[{\"@type\":\"ListItem\",\"position\":1,\"name\":\"Home\",\"item\":\"https:\/\/gdgroupenergy.net\/\"},{\"@type\":\"ListItem\",\"position\":2,\"name\":\"Free Roofing Estimate\"}]},{\"@type\":\"WebSite\",\"@id\":\"https:\/\/gdgroupenergy.net\/#website\",\"url\":\"https:\/\/gdgroupenergy.net\/\",\"name\":\"GD Group Energy\",\"description\":\"Energ\u00eda Solar y Sistemas de Filtraci\u00f3n de Agua Avanzados. Cont\u00e1ctanos al (786) 800-4341.\",\"potentialAction\":[{\"@type\":\"SearchAction\",\"target\":{\"@type\":\"EntryPoint\",\"urlTemplate\":\"https:\/\/gdgroupenergy.net\/?s={search_term_string}\"},\"query-input\":\"required name=search_term_string\"}],\"inLanguage\":\"es\"}]}<\/script>\n<!-- \/ Yoast SEO plugin. -->","yoast_head_json":{"title":"Free Roofing Estimate - GD Group Energy","robots":{"index":"index","follow":"follow","max-snippet":"max-snippet:-1","max-image-preview":"max-image-preview:large","max-video-preview":"max-video-preview:-1"},"canonical":"https:\/\/gdgroupenergy.net\/free-roofing-estimate\/","og_locale":"es_ES","og_type":"article","og_title":"Free Roofing Estimate - GD Group Energy","og_url":"https:\/\/gdgroupenergy.net\/free-roofing-estimate\/","og_site_name":"GD Group Energy","article_modified_time":"2024-08-07T20:56:11+00:00","twitter_card":"summary_large_image","schema":{"@context":"https:\/\/schema.org","@graph":[{"@type":"WebPage","@id":"https:\/\/gdgroupenergy.net\/free-roofing-estimate\/","url":"https:\/\/gdgroupenergy.net\/free-roofing-estimate\/","name":"Free Roofing Estimate - GD Group Energy","isPartOf":{"@id":"https:\/\/gdgroupenergy.net\/#website"},"datePublished":"2024-08-07T20:56:10+00:00","dateModified":"2024-08-07T20:56:11+00:00","breadcrumb":{"@id":"https:\/\/gdgroupenergy.net\/free-roofing-estimate\/#breadcrumb"},"inLanguage":"es","potentialAction":[{"@type":"ReadAction","target":["https:\/\/gdgroupenergy.net\/free-roofing-estimate\/"]}]},{"@type":"BreadcrumbList","@id":"https:\/\/gdgroupenergy.net\/free-roofing-estimate\/#breadcrumb","itemListElement":[{"@type":"ListItem","position":1,"name":"Home","item":"https:\/\/gdgroupenergy.net\/"},{"@type":"ListItem","position":2,"name":"Free Roofing Estimate"}]},{"@type":"WebSite","@id":"https:\/\/gdgroupenergy.net\/#website","url":"https:\/\/gdgroupenergy.net\/","name":"GD Group Energy","description":"Energ\u00eda Solar y Sistemas de Filtraci\u00f3n de Agua Avanzados. Cont\u00e1ctanos al (786) 800-4341.","potentialAction":[{"@type":"SearchAction","target":{"@type":"EntryPoint","urlTemplate":"https:\/\/gdgroupenergy.net\/?s={search_term_string}"},"query-input":"required name=search_term_string"}],"inLanguage":"es"}]}},"_links":{"self":[{"href":"https:\/\/gdgroupenergy.com\/es\/wp-json\/wp\/v2\/pages\/10913"}],"collection":[{"href":"https:\/\/gdgroupenergy.com\/es\/wp-json\/wp\/v2\/pages"}],"about":[{"href":"https:\/\/gdgroupenergy.com\/es\/wp-json\/wp\/v2\/types\/page"}],"author":[{"embeddable":true,"href":"https:\/\/gdgroupenergy.com\/es\/wp-json\/wp\/v2\/users\/1"}],"replies":[{"embeddable":true,"href":"https:\/\/gdgroupenergy.com\/es\/wp-json\/wp\/v2\/comments?post=10913"}],"version-history":[{"count":1,"href":"https:\/\/gdgroupenergy.com\/es\/wp-json\/wp\/v2\/pages\/10913\/revisions"}],"predecessor-version":[{"id":10914,"href":"https:\/\/gdgroupenergy.com\/es\/wp-json\/wp\/v2\/pages\/10913\/revisions\/10914"}],"wp:attachment":[{"href":"https:\/\/gdgroupenergy.com\/es\/wp-json\/wp\/v2\/media?parent=10913"}],"curies":[{"name":"wp","href":"https:\/\/api.w.org\/{rel}","templated":true}]}}